{"id":3845,"date":"2020-12-19T10:09:03","date_gmt":"2020-12-19T10:09:03","guid":{"rendered":"https:\/\/catherineboisaubert.ca\/immobilier\/?page_id=3845"},"modified":"2020-12-19T16:17:22","modified_gmt":"2020-12-19T16:17:22","slug":"associations-professionnelles","status":"publish","type":"page","link":"https:\/\/catherineboisaubert.ca\/immobilier\/associations-professionnelles\/","title":{"rendered":"Associations professionnelles"},"content":{"rendered":"\n<p><\/p>\n\n\n\n<p class=\"has-large-font-size\"> <img loading=\"lazy\" decoding=\"async\" width=\"150\" height=\"150\" class=\"wp-image-3846\" style=\"width: 150px;\" src=\"https:\/\/catherineboisaubert.ca\/immobilier\/wp-content\/uploads\/2020\/12\/associations-professionnelles.png\" alt=\"associations professionnelles\" srcset=\"https:\/\/catherineboisaubert.ca\/immobilier\/wp-content\/uploads\/2020\/12\/associations-professionnelles.png 256w, https:\/\/catherineboisaubert.ca\/immobilier\/wp-content\/uploads\/2020\/12\/associations-professionnelles-150x150.png 150w, https:\/\/catherineboisaubert.ca\/immobilier\/wp-content\/uploads\/2020\/12\/associations-professionnelles-220x220.png 220w\" sizes=\"auto, (max-width: 150px) 100vw, 150px\" \/> <span class=\"has-inline-color has-black-color\">Associations professionnelles<\/span><\/p>\n\n\n\n<div class=\"wp-block-columns is-layout-flex wp-container-core-columns-is-layout-9d6595d7 wp-block-columns-is-layout-flex\">\n<div class=\"wp-block-column is-layout-flow wp-block-column-is-layout-flow\">\n<figure class=\"wp-block-image size-large is-style-default\"><a href=\"https:\/\/www.aibq.qc.ca\/fra\/membres.php\" target=\"_blank\" rel=\"noopener\"><img loading=\"lazy\" decoding=\"async\" width=\"355\" height=\"200\" src=\"https:\/\/catherineboisaubert.ca\/immobilier\/wp-content\/uploads\/2020\/12\/logo-associations-inspecteurs-batiment-quebec.jpg\" alt=\"Association des inspecteurs en b\u00e2timent du Qu\u00e9bec (AIBQ)\" class=\"wp-image-3847\" srcset=\"https:\/\/catherineboisaubert.ca\/immobilier\/wp-content\/uploads\/2020\/12\/logo-associations-inspecteurs-batiment-quebec.jpg 355w, https:\/\/catherineboisaubert.ca\/immobilier\/wp-content\/uploads\/2020\/12\/logo-associations-inspecteurs-batiment-quebec-300x169.jpg 300w\" sizes=\"auto, (max-width: 355px) 100vw, 355px\" \/><\/a><figcaption>Association des inspecteurs en b\u00e2timent du Qu\u00e9bec (AIBQ)<\/figcaption><\/figure>\n<\/div>\n\n\n\n<div class=\"wp-block-column is-layout-flow wp-block-column-is-layout-flow\">\n<figure class=\"wp-block-image size-large is-style-default\"><a href=\"https:\/\/www.barreau.qc.ca\/fr\/\" target=\"_blank\" rel=\"noopener\"><img loading=\"lazy\" decoding=\"async\" width=\"355\" height=\"200\" src=\"https:\/\/catherineboisaubert.ca\/immobilier\/wp-content\/uploads\/2020\/12\/logo-barreau-quebec.jpg\" alt=\"Barreau du Qu\u00e9bec\" class=\"wp-image-3848\" srcset=\"https:\/\/catherineboisaubert.ca\/immobilier\/wp-content\/uploads\/2020\/12\/logo-barreau-quebec.jpg 355w, https:\/\/catherineboisaubert.ca\/immobilier\/wp-content\/uploads\/2020\/12\/logo-barreau-quebec-300x169.jpg 300w\" sizes=\"auto, (max-width: 355px) 100vw, 355px\" \/><\/a><figcaption>Barreau du Qu\u00e9bec<\/figcaption><\/figure>\n<\/div>\n\n\n\n<div class=\"wp-block-column is-layout-flow wp-block-column-is-layout-flow\">\n<figure class=\"wp-block-image size-large is-style-default\"><a href=\"https:\/\/chad.ca\/\" target=\"_blank\" rel=\"noopener\"><img loading=\"lazy\" decoding=\"async\" width=\"355\" height=\"200\" src=\"https:\/\/catherineboisaubert.ca\/immobilier\/wp-content\/uploads\/2020\/12\/logo-chambre-assurance-dommages.jpg\" alt=\"Chambre de l'assurance de dommages\" class=\"wp-image-3849\" srcset=\"https:\/\/catherineboisaubert.ca\/immobilier\/wp-content\/uploads\/2020\/12\/logo-chambre-assurance-dommages.jpg 355w, https:\/\/catherineboisaubert.ca\/immobilier\/wp-content\/uploads\/2020\/12\/logo-chambre-assurance-dommages-300x169.jpg 300w\" sizes=\"auto, (max-width: 355px) 100vw, 355px\" \/><\/a><figcaption>Chambre de l&#8217;assurance de  dommages<\/figcaption><\/figure>\n<\/div>\n<\/div>\n\n\n\n<div class=\"wp-block-columns is-layout-flex wp-container-core-columns-is-layout-9d6595d7 wp-block-columns-is-layout-flex\">\n<div class=\"wp-block-column is-layout-flow wp-block-column-is-layout-flow\">\n<figure class=\"wp-block-image size-large is-style-default\"><a href=\"https:\/\/www.cnq.org\/fr\/accueil.html?gclid=Cj0KCQiAw_H-BRD-ARIsALQE_2N7ytK47976lY0PhY9_I9rgBQkwXeygnPKtZ3HqkSP4CsBLOVYM0ekaAiY9EALw_wcB\" target=\"_blank\" rel=\"noopener\"><img loading=\"lazy\" decoding=\"async\" width=\"355\" height=\"200\" src=\"https:\/\/catherineboisaubert.ca\/immobilier\/wp-content\/uploads\/2020\/12\/logo-chambre-notaires.jpg\" alt=\"Chambres des Notaires du Qu\u00e9bec\" class=\"wp-image-3850\" srcset=\"https:\/\/catherineboisaubert.ca\/immobilier\/wp-content\/uploads\/2020\/12\/logo-chambre-notaires.jpg 355w, https:\/\/catherineboisaubert.ca\/immobilier\/wp-content\/uploads\/2020\/12\/logo-chambre-notaires-300x169.jpg 300w\" sizes=\"auto, (max-width: 355px) 100vw, 355px\" \/><\/a><figcaption>Chambres des Notaires du Qu\u00e9bec<\/figcaption><\/figure>\n<\/div>\n\n\n\n<div class=\"wp-block-column is-layout-flow wp-block-column-is-layout-flow\">\n<figure class=\"wp-block-image size-large is-style-default\"><a href=\"https:\/\/www.oaq.com\/\" target=\"_blank\" rel=\"noopener\"><img loading=\"lazy\" decoding=\"async\" width=\"355\" height=\"200\" src=\"https:\/\/catherineboisaubert.ca\/immobilier\/wp-content\/uploads\/2020\/12\/logo-ordre-architectes-quebec.jpg\" alt=\"Ordre des architectes du Qu\u00e9bec\" class=\"wp-image-3851\" srcset=\"https:\/\/catherineboisaubert.ca\/immobilier\/wp-content\/uploads\/2020\/12\/logo-ordre-architectes-quebec.jpg 355w, https:\/\/catherineboisaubert.ca\/immobilier\/wp-content\/uploads\/2020\/12\/logo-ordre-architectes-quebec-300x169.jpg 300w\" sizes=\"auto, (max-width: 355px) 100vw, 355px\" \/><\/a><figcaption>Ordre des architectes du Qu\u00e9bec<\/figcaption><\/figure>\n<\/div>\n\n\n\n<div class=\"wp-block-column is-layout-flow wp-block-column-is-layout-flow\">\n<figure class=\"wp-block-image size-large is-style-default\"><a href=\"https:\/\/www.oagq.qc.ca\/\" target=\"_blank\" rel=\"noopener\"><img loading=\"lazy\" decoding=\"async\" width=\"355\" height=\"200\" src=\"https:\/\/catherineboisaubert.ca\/immobilier\/wp-content\/uploads\/2020\/12\/logo-ordre-arpenteurs-geometres-quebec.jpg\" alt=\"Ordre des arpenteurs g\u00e9om\u00e8tres du Qu\u00e9bec\" class=\"wp-image-3852\" srcset=\"https:\/\/catherineboisaubert.ca\/immobilier\/wp-content\/uploads\/2020\/12\/logo-ordre-arpenteurs-geometres-quebec.jpg 355w, https:\/\/catherineboisaubert.ca\/immobilier\/wp-content\/uploads\/2020\/12\/logo-ordre-arpenteurs-geometres-quebec-300x169.jpg 300w\" sizes=\"auto, (max-width: 355px) 100vw, 355px\" \/><\/a><figcaption>Ordre des arpenteurs g\u00e9om\u00e8tres du Qu\u00e9bec<\/figcaption><\/figure>\n<\/div>\n<\/div>\n\n\n\n<div class=\"wp-block-columns is-layout-flex wp-container-core-columns-is-layout-9d6595d7 wp-block-columns-is-layout-flex\">\n<div class=\"wp-block-column is-layout-flow wp-block-column-is-layout-flow\">\n<figure class=\"wp-block-image size-large is-style-default\"><a href=\"http:\/\/www.oiq.qc.ca\/Pages\/accueil.aspx\" target=\"_blank\" rel=\"noopener\"><img loading=\"lazy\" decoding=\"async\" width=\"355\" height=\"200\" src=\"https:\/\/catherineboisaubert.ca\/immobilier\/wp-content\/uploads\/2020\/12\/logo-ordre-ingenieurs-quebec.jpg\" alt=\"Ordre des ing\u00e9nieurs du Qu\u00e9bec\" class=\"wp-image-3853\" srcset=\"https:\/\/catherineboisaubert.ca\/immobilier\/wp-content\/uploads\/2020\/12\/logo-ordre-ingenieurs-quebec.jpg 355w, https:\/\/catherineboisaubert.ca\/immobilier\/wp-content\/uploads\/2020\/12\/logo-ordre-ingenieurs-quebec-300x169.jpg 300w\" sizes=\"auto, (max-width: 355px) 100vw, 355px\" \/><\/a><figcaption>Ordre des ing\u00e9nieurs du Qu\u00e9bec<\/figcaption><\/figure>\n<\/div>\n\n\n\n<div class=\"wp-block-column is-layout-flow wp-block-column-is-layout-flow\">\n<figure class=\"wp-block-image size-large is-style-default\"><a href=\"https:\/\/oeaq.qc.ca\/\" target=\"_blank\" rel=\"noopener\"><img loading=\"lazy\" decoding=\"async\" width=\"355\" height=\"200\" src=\"https:\/\/catherineboisaubert.ca\/immobilier\/wp-content\/uploads\/2020\/12\/logo-ordre-evaluateur-agrees-quebec.jpg\" alt=\"Ordre des \u00e9valuateurs agr\u00e9\u00e9s\" class=\"wp-image-3854\" srcset=\"https:\/\/catherineboisaubert.ca\/immobilier\/wp-content\/uploads\/2020\/12\/logo-ordre-evaluateur-agrees-quebec.jpg 355w, https:\/\/catherineboisaubert.ca\/immobilier\/wp-content\/uploads\/2020\/12\/logo-ordre-evaluateur-agrees-quebec-300x169.jpg 300w\" sizes=\"auto, (max-width: 355px) 100vw, 355px\" \/><\/a><figcaption>Ordre des \u00e9valuateurs agr\u00e9\u00e9s<\/figcaption><\/figure>\n<\/div>\n\n\n\n<div class=\"wp-block-column is-layout-flow wp-block-column-is-layout-flow\">\n<figure class=\"wp-block-image size-large is-style-default\"><a href=\"http:\/\/www.otpq.qc.ca\/\" target=\"_blank\" rel=\"noopener\"><img loading=\"lazy\" decoding=\"async\" width=\"355\" height=\"200\" src=\"https:\/\/catherineboisaubert.ca\/immobilier\/wp-content\/uploads\/2020\/12\/logo-ordre-technoloues-professionnels-quebec.jpg\" alt=\"Ordre des technologues professionnels du Qu\u00e9bec\" class=\"wp-image-3855\" srcset=\"https:\/\/catherineboisaubert.ca\/immobilier\/wp-content\/uploads\/2020\/12\/logo-ordre-technoloues-professionnels-quebec.jpg 355w, https:\/\/catherineboisaubert.ca\/immobilier\/wp-content\/uploads\/2020\/12\/logo-ordre-technoloues-professionnels-quebec-300x169.jpg 300w\" sizes=\"auto, (max-width: 355px) 100vw, 355px\" \/><\/a><figcaption>Ordre des technologues professionnels du Qu\u00e9bec<\/figcaption><\/figure>\n<\/div>\n<\/div>\n\n\n\n<div class=\"wp-block-columns is-layout-flex wp-container-core-columns-is-layout-9d6595d7 wp-block-columns-is-layout-flex\">\n<div class=\"wp-block-column is-layout-flow wp-block-column-is-layout-flow\">\n<figure class=\"wp-block-image size-large is-style-default\"><a href=\"https:\/\/www.apchq.com\/\" target=\"_blank\" rel=\"noopener\"><img loading=\"lazy\" decoding=\"async\" width=\"355\" height=\"200\" src=\"https:\/\/catherineboisaubert.ca\/immobilier\/wp-content\/uploads\/2020\/12\/logo-apchq.jpg\" alt=\"Association provinciale des constructeurs d'habitaions du Qu\u00e9bec (APCHQ)\" class=\"wp-image-3856\" srcset=\"https:\/\/catherineboisaubert.ca\/immobilier\/wp-content\/uploads\/2020\/12\/logo-apchq.jpg 355w, https:\/\/catherineboisaubert.ca\/immobilier\/wp-content\/uploads\/2020\/12\/logo-apchq-300x169.jpg 300w\" sizes=\"auto, (max-width: 355px) 100vw, 355px\" \/><\/a><figcaption>Association provinciale des constructeurs d&#8217;habitaions du Qu\u00e9bec (APCHQ)<\/figcaption><\/figure>\n<\/div>\n\n\n\n<div class=\"wp-block-column is-layout-flow wp-block-column-is-layout-flow\"><\/div>\n\n\n\n<div class=\"wp-block-column is-layout-flow wp-block-column-is-layout-flow\"><\/div>\n<\/div>\n\n\n\n<p><\/p>\n<div style=\"padding-bottom:20px; padding-top:10px;\" class=\"hupso-share-buttons\"><!-- Hupso Share Buttons - https:\/\/www.hupso.com\/share\/ --><a class=\"hupso_counters\" href=\"https:\/\/www.hupso.com\/share\/\"><img decoding=\"async\" src=\"https:\/\/static.hupso.com\/share\/buttons\/lang\/fr\/share-small.png\" style=\"border:0px; padding-top:2px; float:left;\" alt=\"Share Button\"\/><\/a><script type=\"text\/javascript\">var hupso_services_c=new Array(\"facebook_like\",\"facebook_send\",\"email\",\"print\",\"linkedin\");var hupso_counters_lang = \"fr_CA\";var hupso_image_folder_url = \"\";var hupso_url_c=\"\";var hupso_title_c=\"Associations%20professionnelles\";<\/script><script type=\"text\/javascript\" src=\"https:\/\/static.hupso.com\/share\/js\/counters.js\"><\/script><!-- Hupso Share Buttons --><\/div>","protected":false},"excerpt":{"rendered":"<p>Associations professionnelles<\/p>\n<div style=\"padding-bottom:20px; padding-top:10px;\" class=\"hupso-share-buttons\"><!-- Hupso Share Buttons - https:\/\/www.hupso.com\/share\/ --><a class=\"hupso_counters\" href=\"https:\/\/www.hupso.com\/share\/\"><img src=\"https:\/\/static.hupso.com\/share\/buttons\/lang\/fr\/share-small.png\" style=\"border:0px; padding-top:2px; float:left;\" alt=\"Share Button\"\/><\/a><script type=\"text\/javascript\">var hupso_services_c=new Array(\"facebook_like\",\"facebook_send\",\"email\",\"print\",\"linkedin\");var hupso_counters_lang = \"fr_CA\";var hupso_image_folder_url = \"\";var hupso_url_c=\"\";var hupso_title_c=\"Associations%20professionnelles\";<\/script><script type=\"text\/javascript\" src=\"https:\/\/static.hupso.com\/share\/js\/counters.js\"><\/script><!-- Hupso Share Buttons --><\/div>","protected":false},"author":1,"featured_media":3846,"parent":0,"menu_order":0,"comment_status":"closed","ping_status":"closed","template":"","meta":{"footnotes":""},"class_list":["post-3845","page","type-page","status-publish","has-post-thumbnail","hentry","clearfix"],"_links":{"self":[{"href":"https:\/\/catherineboisaubert.ca\/immobilier\/wp-json\/wp\/v2\/pages\/3845","targetHints":{"allow":["GET"]}}],"collection":[{"href":"https:\/\/catherineboisaubert.ca\/immobilier\/wp-json\/wp\/v2\/pages"}],"about":[{"href":"https:\/\/catherineboisaubert.ca\/immobilier\/wp-json\/wp\/v2\/types\/page"}],"author":[{"embeddable":true,"href":"https:\/\/catherineboisaubert.ca\/immobilier\/wp-json\/wp\/v2\/users\/1"}],"replies":[{"embeddable":true,"href":"https:\/\/catherineboisaubert.ca\/immobilier\/wp-json\/wp\/v2\/comments?post=3845"}],"version-history":[{"count":5,"href":"https:\/\/catherineboisaubert.ca\/immobilier\/wp-json\/wp\/v2\/pages\/3845\/revisions"}],"predecessor-version":[{"id":3889,"href":"https:\/\/catherineboisaubert.ca\/immobilier\/wp-json\/wp\/v2\/pages\/3845\/revisions\/3889"}],"wp:featuredmedia":[{"embeddable":true,"href":"https:\/\/catherineboisaubert.ca\/immobilier\/wp-json\/wp\/v2\/media\/3846"}],"wp:attachment":[{"href":"https:\/\/catherineboisaubert.ca\/immobilier\/wp-json\/wp\/v2\/media?parent=3845"}],"curies":[{"name":"wp","href":"https:\/\/api.w.org\/{rel}","templated":true}]}}