{"id":5252,"date":"2026-02-02T14:49:58","date_gmt":"2026-02-02T18:49:58","guid":{"rendered":"https:\/\/catherineboisaubert.ca\/immobilier\/?page_id=5252"},"modified":"2026-02-02T17:57:26","modified_gmt":"2026-02-02T21:57:26","slug":"mentorat-express","status":"publish","type":"page","link":"https:\/\/catherineboisaubert.ca\/immobilier\/mentorat-express\/","title":{"rendered":"Mentorat express"},"content":{"rendered":"\n<figure class=\"wp-block-image size-full is-resized\"><img loading=\"lazy\" decoding=\"async\" width=\"569\" height=\"163\" src=\"https:\/\/catherineboisaubert.ca\/immobilier\/wp-content\/uploads\/2026\/02\/imageforfait-cle-en-main.png\" alt=\"\" class=\"wp-image-5258\" style=\"width:569px;height:auto\" srcset=\"https:\/\/catherineboisaubert.ca\/immobilier\/wp-content\/uploads\/2026\/02\/imageforfait-cle-en-main.png 569w, https:\/\/catherineboisaubert.ca\/immobilier\/wp-content\/uploads\/2026\/02\/imageforfait-cle-en-main-300x86.png 300w, https:\/\/catherineboisaubert.ca\/immobilier\/wp-content\/uploads\/2026\/02\/imageforfait-cle-en-main-350x100.png 350w\" sizes=\"auto, (max-width: 569px) 100vw, 569px\" \/><\/figure>\n\n\n<h3><span style=\"color: #003366;\"><strong>Je suis courtier immobilier<\/strong><\/span> <span style=\"color: #0000ff;\">depuis<\/span> <span style=\"color: #003366;\"><strong>30<\/strong> <\/span><span style=\"color: #0000ff;\">ans<\/span><\/h3>\n<h4>J&#8217;ai travers\u00e9 diff\u00e9rents cycles de march\u00e9, g\u00e9r\u00e9 des dossiers complexes, des n\u00e9gociations serr\u00e9es, des immeubles probl\u00e9matiqes&#8230;<\/h4>\n<h4>Avant d&#8217;acheter une propri\u00e9t\u00e9, on choisit d&#8217;abord la personne.<\/h4>\n<h3><span style=\"color: #000080;\"><strong>Soyez cette personne<\/strong><\/span><\/h3>\n<h3><span style=\"color: #0000ff;\">J&#8217;offre maitnenant du mentorat express personnel aux courtiers immbolilier :<\/span><\/h3>\n<ul>\n<li>\n<h4>qui commencent<\/h4>\n<\/li>\n<li>\n<h4>qui sont d\u00e9bord\u00e9s<\/h4>\n<\/li>\n<li>\n<h4>ou qui ont un dossier sp\u00e9cifique qui les bloque<\/h4>\n<\/li>\n<\/ul>\n<h3><span style=\"color: #0000ff;\">Je peut t&#8217;aider avec :\u00a0<\/span><\/h3>\n<ul>\n<li>\n<h4>Analyse de dossiers complexes<\/h4>\n<\/li>\n<li>\n<h4>Support pr\u00e9sentation personnelle<\/h4>\n<\/li>\n<li>\n<h4>Aide \u00e0 la n\u00e9gociation (acheteurs ou vendeurs)<\/h4>\n<\/li>\n<li>\n<h4>Diagnostic de propri\u00e9t\u00e9s difficiles \u00e0 vendre<\/h4>\n<\/li>\n<li>\n<h4>Accompagnement technique lors de visites<\/h4>\n<\/li>\n<li>\n<h4>Structuration rapide de tes dossiers pour gagner du temps<\/h4>\n<\/li>\n<\/ul>\n\n\n<figure class=\"wp-block-image size-full\"><img loading=\"lazy\" decoding=\"async\" width=\"940\" height=\"788\" src=\"https:\/\/catherineboisaubert.ca\/immobilier\/wp-content\/uploads\/2026\/02\/pub3-4-catherine-mantorat-2026.png\" alt=\"Catherine Boisaubert offre du Mentorat express aux courtiers immobiliers\" class=\"wp-image-5254\" srcset=\"https:\/\/catherineboisaubert.ca\/immobilier\/wp-content\/uploads\/2026\/02\/pub3-4-catherine-mantorat-2026.png 940w, https:\/\/catherineboisaubert.ca\/immobilier\/wp-content\/uploads\/2026\/02\/pub3-4-catherine-mantorat-2026-300x251.png 300w, https:\/\/catherineboisaubert.ca\/immobilier\/wp-content\/uploads\/2026\/02\/pub3-4-catherine-mantorat-2026-768x644.png 768w\" sizes=\"auto, (max-width: 940px) 100vw, 940px\" \/><figcaption class=\"wp-element-caption\">Catherine Boisaubert offre du Mentorat express aux courtiers immobiliers<\/figcaption><\/figure>\n\n\n\n<p><\/p>\n<div style=\"padding-bottom:20px; padding-top:10px;\" class=\"hupso-share-buttons\"><!-- Hupso Share Buttons - https:\/\/www.hupso.com\/share\/ --><a class=\"hupso_counters\" href=\"https:\/\/www.hupso.com\/share\/\"><img decoding=\"async\" src=\"https:\/\/static.hupso.com\/share\/buttons\/lang\/fr\/share-small.png\" style=\"border:0px; padding-top:2px; float:left;\" alt=\"Share Button\"\/><\/a><script type=\"text\/javascript\">var hupso_services_c=new Array(\"facebook_like\",\"facebook_send\",\"email\",\"print\",\"linkedin\");var hupso_counters_lang = \"fr_CA\";var hupso_image_folder_url = \"\";var hupso_url_c=\"\";var hupso_title_c=\"Mentorat%20express\";<\/script><script type=\"text\/javascript\" src=\"https:\/\/static.hupso.com\/share\/js\/counters.js\"><\/script><!-- Hupso Share Buttons --><\/div>","protected":false},"excerpt":{"rendered":"<p>Je suis courtier immobilier depuis 30 ans J&#8217;ai travers\u00e9 diff\u00e9rents cycles de march\u00e9, g\u00e9r\u00e9 des dossiers complexes, des n\u00e9gociations serr\u00e9es, des immeubles probl\u00e9matiqes&#8230; Avant d&#8217;acheter une propri\u00e9t\u00e9, on choisit d&#8217;abord la personne. Soyez cette personne J&#8217;offre maitnenant du mentorat express personnel aux courtiers immbolilier : qui commencent qui sont d\u00e9bord\u00e9s ou qui ont un dossier [&hellip;]<\/p>\n<div style=\"padding-bottom:20px; padding-top:10px;\" class=\"hupso-share-buttons\"><!-- Hupso Share Buttons - https:\/\/www.hupso.com\/share\/ --><a class=\"hupso_counters\" href=\"https:\/\/www.hupso.com\/share\/\"><img src=\"https:\/\/static.hupso.com\/share\/buttons\/lang\/fr\/share-small.png\" style=\"border:0px; padding-top:2px; float:left;\" alt=\"Share Button\"\/><\/a><script type=\"text\/javascript\">var hupso_services_c=new Array(\"facebook_like\",\"facebook_send\",\"email\",\"print\",\"linkedin\");var hupso_counters_lang = \"fr_CA\";var hupso_image_folder_url = \"\";var hupso_url_c=\"\";var hupso_title_c=\"Mentorat%20express\";<\/script><script type=\"text\/javascript\" src=\"https:\/\/static.hupso.com\/share\/js\/counters.js\"><\/script><!-- Hupso Share Buttons --><\/div>","protected":false},"author":1,"featured_media":5254,"parent":0,"menu_order":0,"comment_status":"closed","ping_status":"closed","template":"","meta":{"footnotes":""},"class_list":["post-5252","page","type-page","status-publish","has-post-thumbnail","hentry","clearfix"],"_links":{"self":[{"href":"https:\/\/catherineboisaubert.ca\/immobilier\/wp-json\/wp\/v2\/pages\/5252","targetHints":{"allow":["GET"]}}],"collection":[{"href":"https:\/\/catherineboisaubert.ca\/immobilier\/wp-json\/wp\/v2\/pages"}],"about":[{"href":"https:\/\/catherineboisaubert.ca\/immobilier\/wp-json\/wp\/v2\/types\/page"}],"author":[{"embeddable":true,"href":"https:\/\/catherineboisaubert.ca\/immobilier\/wp-json\/wp\/v2\/users\/1"}],"replies":[{"embeddable":true,"href":"https:\/\/catherineboisaubert.ca\/immobilier\/wp-json\/wp\/v2\/comments?post=5252"}],"version-history":[{"count":5,"href":"https:\/\/catherineboisaubert.ca\/immobilier\/wp-json\/wp\/v2\/pages\/5252\/revisions"}],"predecessor-version":[{"id":5264,"href":"https:\/\/catherineboisaubert.ca\/immobilier\/wp-json\/wp\/v2\/pages\/5252\/revisions\/5264"}],"wp:featuredmedia":[{"embeddable":true,"href":"https:\/\/catherineboisaubert.ca\/immobilier\/wp-json\/wp\/v2\/media\/5254"}],"wp:attachment":[{"href":"https:\/\/catherineboisaubert.ca\/immobilier\/wp-json\/wp\/v2\/media?parent=5252"}],"curies":[{"name":"wp","href":"https:\/\/api.w.org\/{rel}","templated":true}]}}